{"id":3192,"date":"2019-11-20T09:58:10","date_gmt":"2019-11-20T13:58:10","guid":{"rendered":"https:\/\/intremo.cl\/?post_type=product&#038;p=3192"},"modified":"2026-03-13T16:34:54","modified_gmt":"2026-03-13T20:34:54","slug":"kefir-aromatizado-de-limon","status":"publish","type":"product","link":"https:\/\/intremo.cl\/?product=kefir-aromatizado-de-limon","title":{"rendered":"K\u00c9FIR GRIEGO SABOR LIM\u00d3N"},"content":{"rendered":"","protected":false},"excerpt":{"rendered":"<ul>\n<li>El <b>k\u00e9fir griego sabor lim\u00f3n<\/b>, es un producto vivo de leche fermentada con n\u00f3dulos de k\u00e9fir y rodajas de lim\u00f3n elaborado de manera artesanal.<\/li>\n<li>La fermentaci\u00f3n del k\u00e9fir permite descomponer la leche en nutrientes m\u00e1s simples haci\u00e9ndola m\u00e1s digerible y tolerable.<\/li>\n<li>El k\u00e9fir es un importante generador de energ\u00eda y protector de las mucosas y \u00f3rganos del cuerpo humano, lo que fortalece el sistema inmune.<\/li>\n<li>Es un s\u00faper alimento que contiene abundantes e importantes prote\u00ednas, minerales y vitaminas.<\/li>\n<li>Contiene m\u00e1s de 60 cepas bacterianas de probi\u00f3ticos que robustecen la flora intestinal del organismo.<\/li>\n<\/ul>\n<p style=\"text-align: center;\"><strong>SIN<\/strong>\u00a0preservantes<\/p>\n<p style=\"text-align: center;\"><strong>SIN<\/strong>\u00a0az\u00facar a\u00f1adida<\/p>\n<p style=\"text-align: center;\"><strong>LIBRE<\/strong>\u00a0de gluten<\/p>\n<p style=\"text-align: center;\"><strong>GRASS FED<\/strong><\/p>\n<p>Ingredientes: Leche de vaca pasteurizada, n\u00f3dulos de k\u00e9fir y rodajas de lim\u00f3n.<\/p>\n<p>Duraci\u00f3n del producto refrigerado cerrado: 40 d\u00edas<\/p>\n<p><em>Contraindicaciones:\u00a0<\/em><em>Ni\u00f1os menores de 5 a\u00f1os, personas intolerantes a la lactosa, mujeres embarazadas y todo tipo de persona que pueda padecer colitis ulcerosa y graves problemas estomacales.\u00a0<\/em><\/p>\n","protected":false},"featured_media":23470,"template":"","meta":{"_joinchat":[]},"product_brand":[],"product_cat":[103,91],"product_tag":[],"class_list":{"0":"post-3192","1":"product","2":"type-product","3":"status-publish","4":"has-post-thumbnail","6":"product_cat-fermentos-lacteos","7":"product_cat-tienda","9":"first","10":"instock","11":"shipping-taxable","12":"purchasable","13":"product-type-variable"},"_links":{"self":[{"href":"https:\/\/intremo.cl\/index.php?rest_route=\/wp\/v2\/product\/3192","targetHints":{"allow":["GET"]}}],"collection":[{"href":"https:\/\/intremo.cl\/index.php?rest_route=\/wp\/v2\/product"}],"about":[{"href":"https:\/\/intremo.cl\/index.php?rest_route=\/wp\/v2\/types\/product"}],"wp:featuredmedia":[{"embeddable":true,"href":"https:\/\/intremo.cl\/index.php?rest_route=\/wp\/v2\/media\/23470"}],"wp:attachment":[{"href":"https:\/\/intremo.cl\/index.php?rest_route=%2Fwp%2Fv2%2Fmedia&parent=3192"}],"wp:term":[{"taxonomy":"product_brand","embeddable":true,"href":"https:\/\/intremo.cl\/index.php?rest_route=%2Fwp%2Fv2%2Fproduct_brand&post=3192"},{"taxonomy":"product_cat","embeddable":true,"href":"https:\/\/intremo.cl\/index.php?rest_route=%2Fwp%2Fv2%2Fproduct_cat&post=3192"},{"taxonomy":"product_tag","embeddable":true,"href":"https:\/\/intremo.cl\/index.php?rest_route=%2Fwp%2Fv2%2Fproduct_tag&post=3192"}],"curies":[{"name":"wp","href":"https:\/\/api.w.org\/{rel}","templated":true}]}}