{"id":18143,"date":"2022-11-28T12:32:25","date_gmt":"2022-11-28T16:32:25","guid":{"rendered":"https:\/\/intremo.cl\/?post_type=product&#038;p=18143"},"modified":"2026-02-14T22:10:28","modified_gmt":"2026-02-15T02:10:28","slug":"vino-de-hidromiel","status":"publish","type":"product","link":"https:\/\/intremo.cl\/?product=vino-de-hidromiel","title":{"rendered":"VINO DE HIDROMIEL"},"content":{"rendered":"","protected":false},"excerpt":{"rendered":"<ul>\n<li>El <strong>Vino de<\/strong> <strong>Hidromiel Intremo<\/strong> lo elaboramos de manera artesanal, con m\u00e9todos ancestrales. Se fermenta de manera salvaje, es decir, no se interviene la fermentaci\u00f3n con levaduras especializadas sino que la fermentaci\u00f3n se realiza con las levaduras propias de la miel cruda y de la fruta.<\/li>\n<li>Despu\u00e9s de 4 meses de fermentaci\u00f3n, se obtiene un vino suave de baja graduaci\u00f3n alcoh\u00f3lica (entre 5 a 8 grados), que se sirve bien helado como aperitivo o como bajativo. Tambi\u00e9n se puede hacer hidro-sour o acompa\u00f1ar comidas o reposter\u00eda. En caso de que despu\u00e9s de abierto no lo consumas, se transforma en un rico y exclusivo vinagre como base de tus vinagretas para ensaladas.<\/li>\n<li>Es un s\u00faper alimento debido a sus numerosos beneficios para la salud, especialmente para los sitemas digestivo e inmunol\u00f3gico.<\/li>\n<li>Es un producto vivo, que contiene una gran cantidad de probi\u00f3ticos que robustecen la flora intestinal del organismo.<\/li>\n<\/ul>\n<p style=\"text-align: center;\"><strong>SIN<\/strong>\u00a0preservantes<\/p>\n<p style=\"text-align: center;\"><strong>SIN<\/strong>\u00a0az\u00facar a\u00f1adida<\/p>\n<p style=\"text-align: center;\"><strong>LIBRE<\/strong>\u00a0de gluten<\/p>\n<p>Ingredientes:\u00a0Miel de abeja cruda, agua y una fruta fermentable (manzana, pera, uva, berries, damasco, ar\u00e1ndanos, pi\u00f1a y\/o guinda)<\/p>\n<p>Duraci\u00f3n del producto refrigerado cerrado: varios a\u00f1os bien cerrado y botella en posici\u00f3n horizontal.<\/p>\n<p><em>Contraindicaciones: Ni\u00f1os y menores de 18 a\u00f1os, personas intolerantes a los ingredientes y toda persona que pueda tener problemas con el alcohol.<\/em><\/p>\n","protected":false},"featured_media":23590,"template":"","meta":{"_joinchat":[]},"product_brand":[],"product_cat":[105,91],"product_tag":[],"class_list":{"0":"post-18143","1":"product","2":"type-product","3":"status-publish","4":"has-post-thumbnail","6":"product_cat-bebidas-fermentadas","7":"product_cat-tienda","9":"first","10":"outofstock","11":"shipping-taxable","12":"purchasable","13":"product-type-simple"},"_links":{"self":[{"href":"https:\/\/intremo.cl\/index.php?rest_route=\/wp\/v2\/product\/18143","targetHints":{"allow":["GET"]}}],"collection":[{"href":"https:\/\/intremo.cl\/index.php?rest_route=\/wp\/v2\/product"}],"about":[{"href":"https:\/\/intremo.cl\/index.php?rest_route=\/wp\/v2\/types\/product"}],"wp:featuredmedia":[{"embeddable":true,"href":"https:\/\/intremo.cl\/index.php?rest_route=\/wp\/v2\/media\/23590"}],"wp:attachment":[{"href":"https:\/\/intremo.cl\/index.php?rest_route=%2Fwp%2Fv2%2Fmedia&parent=18143"}],"wp:term":[{"taxonomy":"product_brand","embeddable":true,"href":"https:\/\/intremo.cl\/index.php?rest_route=%2Fwp%2Fv2%2Fproduct_brand&post=18143"},{"taxonomy":"product_cat","embeddable":true,"href":"https:\/\/intremo.cl\/index.php?rest_route=%2Fwp%2Fv2%2Fproduct_cat&post=18143"},{"taxonomy":"product_tag","embeddable":true,"href":"https:\/\/intremo.cl\/index.php?rest_route=%2Fwp%2Fv2%2Fproduct_tag&post=18143"}],"curies":[{"name":"wp","href":"https:\/\/api.w.org\/{rel}","templated":true}]}}