{"id":10650,"date":"2021-08-26T15:57:27","date_gmt":"2021-08-26T19:57:27","guid":{"rendered":"https:\/\/intremo.cl\/?post_type=product&#038;p=10650"},"modified":"2026-03-01T20:25:15","modified_gmt":"2026-03-02T00:25:15","slug":"kefir-de-mantequilla","status":"publish","type":"product","link":"https:\/\/intremo.cl\/?product=kefir-de-mantequilla","title":{"rendered":"K\u00c9FIR DE MANTEQUILLA"},"content":{"rendered":"","protected":false},"excerpt":{"rendered":"<ul>\n<li>La <strong>M<\/strong><b>antequilla de K\u00e9fir<\/b> es un producto vivo, elaborado a partir de la fermentaci\u00f3n de n\u00f3dulos de k\u00e9fir y crema de leche de vaca.<\/li>\n<li>Es una mantequilla artesanal, suave y con un leve toque de acidez. Una alternativa diferente de consumir probi\u00f3ticos en el d\u00eda a d\u00eda.<\/li>\n<li>Es un alimento que a trav\u00e9s de su aporte de prote\u00ednas, minerales, vitaminas y probi\u00f3ticos, puede aportar beneficios para la salud intestinal, el sistema inmunol\u00f3gico y la salud \u00f3sea.<\/li>\n<\/ul>\n<p style=\"text-align: center;\"><strong style=\"text-align: center;\">SIN<\/strong><span style=\"text-align: center;\">\u00a0preservantes<\/span><\/p>\n<p style=\"text-align: center;\"><strong>SIN<\/strong>\u00a0az\u00facar a\u00f1adida<\/p>\n<p style=\"text-align: center;\"><strong>LIBRE<\/strong>\u00a0de gluten<\/p>\n<p>&nbsp;<\/p>\n<p>Ingredientes: Crema de leche de vaca pasteurizada y n\u00f3dulos de k\u00e9fir.<\/p>\n<p>Duraci\u00f3n del producto refrigerado cerrado: 25 d\u00edas.<\/p>\n<p><em>Contraindicaciones:\u00a0<\/em><em>Ni\u00f1os menores de 5 a\u00f1os, personas intolerantes a la lactosa, mujeres embarazadas y todo tipo de persona que pueda padecer colitis ulcerosa y graves problemas estomacales.\u00a0<\/em><\/p>\n","protected":false},"featured_media":10654,"template":"","meta":{"_joinchat":[]},"product_brand":[],"product_cat":[103,91],"product_tag":[],"class_list":{"0":"post-10650","1":"product","2":"type-product","3":"status-publish","4":"has-post-thumbnail","6":"product_cat-fermentos-lacteos","7":"product_cat-tienda","9":"first","10":"instock","11":"featured","12":"shipping-taxable","13":"purchasable","14":"product-type-variable"},"_links":{"self":[{"href":"https:\/\/intremo.cl\/index.php?rest_route=\/wp\/v2\/product\/10650","targetHints":{"allow":["GET"]}}],"collection":[{"href":"https:\/\/intremo.cl\/index.php?rest_route=\/wp\/v2\/product"}],"about":[{"href":"https:\/\/intremo.cl\/index.php?rest_route=\/wp\/v2\/types\/product"}],"wp:featuredmedia":[{"embeddable":true,"href":"https:\/\/intremo.cl\/index.php?rest_route=\/wp\/v2\/media\/10654"}],"wp:attachment":[{"href":"https:\/\/intremo.cl\/index.php?rest_route=%2Fwp%2Fv2%2Fmedia&parent=10650"}],"wp:term":[{"taxonomy":"product_brand","embeddable":true,"href":"https:\/\/intremo.cl\/index.php?rest_route=%2Fwp%2Fv2%2Fproduct_brand&post=10650"},{"taxonomy":"product_cat","embeddable":true,"href":"https:\/\/intremo.cl\/index.php?rest_route=%2Fwp%2Fv2%2Fproduct_cat&post=10650"},{"taxonomy":"product_tag","embeddable":true,"href":"https:\/\/intremo.cl\/index.php?rest_route=%2Fwp%2Fv2%2Fproduct_tag&post=10650"}],"curies":[{"name":"wp","href":"https:\/\/api.w.org\/{rel}","templated":true}]}}