{"id":23564,"date":"2025-05-29T15:09:12","date_gmt":"2025-05-29T19:09:12","guid":{"rendered":"https:\/\/intremo.cl\/?post_type=product&#038;p=23564"},"modified":"2026-02-14T22:13:57","modified_gmt":"2026-02-15T02:13:57","slug":"pack-sauerkraut-450-cc","status":"publish","type":"product","link":"http:\/\/intremo.cl\/?product=pack-sauerkraut-450-cc","title":{"rendered":"PACK SAUERKRAUT 450 CC"},"content":{"rendered":"","protected":false},"excerpt":{"rendered":"<ul>\n<li>El <strong>S<\/strong><b>auerkraut<\/b><strong> Intremo<\/strong> es crujiente y sabroso. Se elabora mediante la fermentaci\u00f3n de hojas frescas de repollo morado finamente cortadas en filamentos.<\/li>\n<li>Es un producto elaborado de manera artesanal en ollas fermentadoras de cer\u00e1mica gres al estilo de nuestros antepasados.<\/li>\n<li>El repollo fermentado tiene \u00e1cido l\u00e1ctico que contiene bacterias beneficiosas que mejoran la digesti\u00f3n y la absorci\u00f3n de nutrientes.<\/li>\n<li>Es un s\u00faper alimento rico en vitaminas A, B1, B2 y C. Es fuente de minerales. Tiene una acci\u00f3n depurativa o d\u00e9tox. Es rico en enzimas. Tiene una acci\u00f3n hepatoprotectora y protectora del p\u00e1ncreas.<\/li>\n<li>Es un producto vivo, que contiene una gran cantidad de probi\u00f3ticos que robustecen la flora intestinal del organismo y con ello el sistema inmunol\u00f3gico.<\/li>\n<\/ul>\n<p style=\"text-align: center;\"><strong>SIN<\/strong>\u00a0preservantes<\/p>\n<p style=\"text-align: center;\"><strong>SIN<\/strong>\u00a0az\u00facar a\u00f1adida<\/p>\n<p style=\"text-align: center;\"><strong>LIBRE<\/strong>\u00a0de gluten<\/p>\n<p>Ingredientes: Repollo morado, manzana verde o roja, pimienta negra, ajo y sal de mar.<\/p>\n<p>Duraci\u00f3n del producto refrigerado cerrado: 120 d\u00edas.<\/p>\n<p><em>Contraindicaciones:<\/em> <em>Ni\u00f1os menores de 5 a\u00f1os, personas intolerantes a los ingredientes y toda persona que pueda padecer colitis ulcerosa y graves problemas estomacales.<\/em><\/p>\n<p><em>\u00a0\u00a0<\/em><\/p>\n","protected":false},"featured_media":23567,"template":"","meta":{"_joinchat":[]},"product_brand":[],"product_cat":[108,91],"product_tag":[],"class_list":{"0":"post-23564","1":"product","2":"type-product","3":"status-publish","4":"has-post-thumbnail","6":"product_cat-pack-fermentos-vegetales","7":"product_cat-tienda","9":"first","10":"instock","11":"shipping-taxable","12":"purchasable","13":"product-type-variable"},"_links":{"self":[{"href":"http:\/\/intremo.cl\/index.php?rest_route=\/wp\/v2\/product\/23564","targetHints":{"allow":["GET"]}}],"collection":[{"href":"http:\/\/intremo.cl\/index.php?rest_route=\/wp\/v2\/product"}],"about":[{"href":"http:\/\/intremo.cl\/index.php?rest_route=\/wp\/v2\/types\/product"}],"wp:featuredmedia":[{"embeddable":true,"href":"http:\/\/intremo.cl\/index.php?rest_route=\/wp\/v2\/media\/23567"}],"wp:attachment":[{"href":"http:\/\/intremo.cl\/index.php?rest_route=%2Fwp%2Fv2%2Fmedia&parent=23564"}],"wp:term":[{"taxonomy":"product_brand","embeddable":true,"href":"http:\/\/intremo.cl\/index.php?rest_route=%2Fwp%2Fv2%2Fproduct_brand&post=23564"},{"taxonomy":"product_cat","embeddable":true,"href":"http:\/\/intremo.cl\/index.php?rest_route=%2Fwp%2Fv2%2Fproduct_cat&post=23564"},{"taxonomy":"product_tag","embeddable":true,"href":"http:\/\/intremo.cl\/index.php?rest_route=%2Fwp%2Fv2%2Fproduct_tag&post=23564"}],"curies":[{"name":"wp","href":"https:\/\/api.w.org\/{rel}","templated":true}]}}