{"id":23553,"date":"2025-05-28T17:09:43","date_gmt":"2025-05-28T21:09:43","guid":{"rendered":"https:\/\/intremo.cl\/?post_type=product&#038;p=23553"},"modified":"2026-02-14T22:11:20","modified_gmt":"2026-02-15T02:11:20","slug":"pack-kimchi-450-cc","status":"publish","type":"product","link":"http:\/\/intremo.cl\/?product=pack-kimchi-450-cc","title":{"rendered":"PACK KIMCHI 450 CC"},"content":{"rendered":"","protected":false},"excerpt":{"rendered":"<p>&nbsp;<\/p>\n<ul>\n<li>El <strong>Kimchi Intremo<\/strong> se elabora de manera artesanal en ollas fermentadoras de cer\u00e1mica gres al estilo de nuestros antepasados.<\/li>\n<li>Es <em>PATRIMONIO MUNDIAL INMATERIAL DE LA HUMANIDAD<\/em> debido al \u201cmodo de preparaci\u00f3n del KIMCHI\u201d llamado KIMJANG.<\/li>\n<li>El repollo fermentado tiene \u00e1cido l\u00e1ctico que contiene bacterias beneficiosas que mejoran la digesti\u00f3n y la absorci\u00f3n de nutrientes.<\/li>\n<li>Es un producto vivo, que contiene una gran cantidad de probi\u00f3ticos que robustecen la flora intestinal del organismo y con ello el sistema inmunol\u00f3gico.<\/li>\n<li>Es un s\u00faper alimento, que contiene una gran cantidad de vitamina C y carotenos, as\u00ed como tambi\u00e9n prote\u00ednas, carbohidratos, calcio, y vitaminas A, B1 y B2.<\/li>\n<\/ul>\n<p style=\"text-align: center;\"><strong>SIN<\/strong>\u00a0preservantes<\/p>\n<p style=\"text-align: center;\"><strong>SIN<\/strong>\u00a0az\u00facar a\u00f1adida<\/p>\n<p style=\"text-align: center;\"><strong>LIBRE<\/strong>\u00a0de gluten<\/p>\n<p>Ingredientes: Repollo verde, nabo, jengibre, rabanito, cebollin, zanahoria, ajo, harina de arroz, pera o manzana, sal de mar y aj\u00ed coreano gochugaru.<\/p>\n<p>Duraci\u00f3n del producto refrigerado cerrado: 120 d\u00edas.<\/p>\n<p><em>Contraindicaciones:<\/em>\u00a0<em>Ni\u00f1os menores de 5 a\u00f1os, personas intolerantes a los ingredientes y toda persona que pueda padecer colitis ulcerosa y graves problemas estomacales.<\/em><\/p>\n<p>&nbsp;<\/p>\n","protected":false},"featured_media":23569,"template":"","meta":{"_joinchat":[]},"product_brand":[],"product_cat":[108,91],"product_tag":[],"class_list":{"0":"post-23553","1":"product","2":"type-product","3":"status-publish","4":"has-post-thumbnail","6":"product_cat-pack-fermentos-vegetales","7":"product_cat-tienda","9":"first","10":"instock","11":"shipping-taxable","12":"purchasable","13":"product-type-variable"},"_links":{"self":[{"href":"http:\/\/intremo.cl\/index.php?rest_route=\/wp\/v2\/product\/23553","targetHints":{"allow":["GET"]}}],"collection":[{"href":"http:\/\/intremo.cl\/index.php?rest_route=\/wp\/v2\/product"}],"about":[{"href":"http:\/\/intremo.cl\/index.php?rest_route=\/wp\/v2\/types\/product"}],"wp:featuredmedia":[{"embeddable":true,"href":"http:\/\/intremo.cl\/index.php?rest_route=\/wp\/v2\/media\/23569"}],"wp:attachment":[{"href":"http:\/\/intremo.cl\/index.php?rest_route=%2Fwp%2Fv2%2Fmedia&parent=23553"}],"wp:term":[{"taxonomy":"product_brand","embeddable":true,"href":"http:\/\/intremo.cl\/index.php?rest_route=%2Fwp%2Fv2%2Fproduct_brand&post=23553"},{"taxonomy":"product_cat","embeddable":true,"href":"http:\/\/intremo.cl\/index.php?rest_route=%2Fwp%2Fv2%2Fproduct_cat&post=23553"},{"taxonomy":"product_tag","embeddable":true,"href":"http:\/\/intremo.cl\/index.php?rest_route=%2Fwp%2Fv2%2Fproduct_tag&post=23553"}],"curies":[{"name":"wp","href":"https:\/\/api.w.org\/{rel}","templated":true}]}}