{"id":23540,"date":"2025-05-28T16:06:48","date_gmt":"2025-05-28T20:06:48","guid":{"rendered":"https:\/\/intremo.cl\/?post_type=product&#038;p=23540"},"modified":"2026-04-05T14:19:55","modified_gmt":"2026-04-05T18:19:55","slug":"pack-kefir-natural-210cc","status":"publish","type":"product","link":"http:\/\/intremo.cl\/?product=pack-kefir-natural-210cc","title":{"rendered":"PACK K\u00c9FIR NATURAL 210CC"},"content":{"rendered":"","protected":false},"excerpt":{"rendered":"<ul>\n<li>El <b>k\u00e9fir o <\/b><b>yoghurt<\/b><b> de pajaritos<\/b>, es un producto vivo de leche fermentada con n\u00f3dulos de k\u00e9fir elaborado de manera artesanal.<\/li>\n<li>La fermentaci\u00f3n del k\u00e9fir permite descomponer la leche en nutrientes m\u00e1s simples haci\u00e9ndola m\u00e1s digerible y tolerable.<\/li>\n<li>El k\u00e9fir es un importante generador de energ\u00eda y protector de las mucosas y \u00f3rganos del cuerpo humano, lo que fortalece el sistema inmune.<\/li>\n<li>Es un s\u00faper alimento que contiene abundantes e importantes prote\u00ednas, minerales y vitaminas.<\/li>\n<li>Contiene m\u00e1s de 60 cepas bacterianas de probi\u00f3ticos que robustecen la flora intestinal del organismo.<\/li>\n<\/ul>\n<p style=\"text-align: center;\"><strong>SIN<\/strong> preservantes<\/p>\n<p style=\"text-align: center;\"><strong>SIN<\/strong> az\u00facar a\u00f1adida<\/p>\n<p style=\"text-align: center;\"><strong>LIBRE<\/strong> de gluten<\/p>\n<p style=\"text-align: center;\"><strong>GRASS FED<\/strong><\/p>\n<p>Ingredientes: Leche de vaca pasteurizada y n\u00f3dulos de k\u00e9fir.<\/p>\n<p>Duraci\u00f3n del producto refrigerado cerrado: 35 d\u00edas.<\/p>\n<p><em>Contraindicaciones: <\/em><em>Ni\u00f1os menores de 5 a\u00f1os, personas intolerantes a la lactosa, mujeres embarazadas y todo tipo de persona que pueda padecer colitis ulcerosa y graves problemas estomacales.\u00a0<\/em><\/p>\n","protected":false},"featured_media":23593,"template":"","meta":{"_joinchat":[]},"product_brand":[],"product_cat":[107,91],"product_tag":[],"class_list":{"0":"post-23540","1":"product","2":"type-product","3":"status-publish","4":"has-post-thumbnail","6":"product_cat-pack-fermentos-lacteos","7":"product_cat-tienda","9":"first","10":"instock","11":"shipping-taxable","12":"purchasable","13":"product-type-variable"},"_links":{"self":[{"href":"http:\/\/intremo.cl\/index.php?rest_route=\/wp\/v2\/product\/23540","targetHints":{"allow":["GET"]}}],"collection":[{"href":"http:\/\/intremo.cl\/index.php?rest_route=\/wp\/v2\/product"}],"about":[{"href":"http:\/\/intremo.cl\/index.php?rest_route=\/wp\/v2\/types\/product"}],"wp:featuredmedia":[{"embeddable":true,"href":"http:\/\/intremo.cl\/index.php?rest_route=\/wp\/v2\/media\/23593"}],"wp:attachment":[{"href":"http:\/\/intremo.cl\/index.php?rest_route=%2Fwp%2Fv2%2Fmedia&parent=23540"}],"wp:term":[{"taxonomy":"product_brand","embeddable":true,"href":"http:\/\/intremo.cl\/index.php?rest_route=%2Fwp%2Fv2%2Fproduct_brand&post=23540"},{"taxonomy":"product_cat","embeddable":true,"href":"http:\/\/intremo.cl\/index.php?rest_route=%2Fwp%2Fv2%2Fproduct_cat&post=23540"},{"taxonomy":"product_tag","embeddable":true,"href":"http:\/\/intremo.cl\/index.php?rest_route=%2Fwp%2Fv2%2Fproduct_tag&post=23540"}],"curies":[{"name":"wp","href":"https:\/\/api.w.org\/{rel}","templated":true}]}}